{"id":10,"date":"2018-07-06T12:36:01","date_gmt":"2018-07-06T12:36:01","guid":{"rendered":"http:\/\/baeaereglopfa.info\/?page_id=10"},"modified":"2018-10-20T13:42:29","modified_gmt":"2018-10-20T13:42:29","slug":"geschichte","status":"publish","type":"page","link":"https:\/\/baeaereglopfa.info\/?page_id=10","title":{"rendered":"Geschichte"},"content":{"rendered":"<p>Alles begann mit einer Schnapsidee des MIFRA-Teams (eine ehemalige Gruppe der Carnevalsgesellschaft Spassv\u00f6gel Singen).<br \/>\nDie Gruppe hatte es sich zur Aufgabe gemacht, bei Prunksitzungen das Publikum immer wieder mit neuen Ideen zum Lachen zu bringen. Da man sich auch regelm\u00e4\u00dfig am Singener Faschingsumzug beteiligte, kam man auf die Idee, als Guggenmusik mitzulaufen. Ein paar befreundete Musiker, die den richtigen Ton angaben, waren schnell gefunden. Die n\u00f6tigen falschen T\u00f6ne lieferte das MIFRA-Team. Mit Kost\u00fcmen aus Faschingsseide und Christbaumschmuck und lauten T\u00f6nen hatten alle sehr viel Spa\u00df beim Faschingsumzug 1996 in Singen.<\/p>\n<p><strong><span style=\"text-decoration: underline;\">Gr\u00fcndung:<\/span><br \/>\n<\/strong>Es kam wie es kommen musste; das Guggenfieber hat alle gepackt und nicht mehr losgelassen.<br \/>\nSo wurde im Sommer 1996 offiziell die Guggemusik B\u00e4\u00e4reglopfa als Gruppe der CG Spassv\u00f6gel Singen gegr\u00fcndet.<\/p>\n<p><span style=\"text-decoration: underline;\"><strong>Namensgeber:<\/strong><\/span><br \/>\nDer Name lehnt sich an den Singener Ortsnecknamen B\u00e4rentreiber an.<\/p>\n<p><span style=\"text-decoration: underline;\"><strong>Guggemusik B\u00e4\u00e4reglopfa e.V. Keltern:<\/strong><\/span><br \/>\n2009 haben wir uns dann von den Spassv\u00f6geln getrennt und mit 29 \u00fcbrig gebliebenen Aktiven unseren eigenen Verein gegr\u00fcndet. Auf der Suche nach einem geeigneten Proberaum wurden wir in Keltern, Ortsteil Dietenhausen f\u00fcndig.<br \/>\nVon der Gemeinde Keltern wurden wir so herzlich aufgenommen, dass wir uns spontan entschlossen haben, ein eingetragener Verein von Keltern zu werden. Seit September 2009 sind wir die Guggemusik B\u00e4\u00e4reglopfa e.V. aus Keltern.<\/p>\n","protected":false},"excerpt":{"rendered":"<p>Alles begann mit einer Schnapsidee des MIFRA-Teams (eine ehemalige Gruppe der Carnevalsgesellschaft Spassv\u00f6gel Singen). Die Gruppe hatte es sich zur Aufgabe gemacht, bei Prunksitzungen das Publikum immer wieder mit neuen Ideen zum Lachen zu bringen. Da man sich auch regelm\u00e4\u00dfig am Singener Faschingsumzug beteiligte, kam man auf die Idee, als Guggenmusik mitzulaufen. Ein paar befreundete &hellip; <\/p>\n<p class=\"link-more\"><a href=\"https:\/\/baeaereglopfa.info\/?page_id=10\" class=\"more-link\"><span class=\"screen-reader-text\">\u201eGeschichte\u201c<\/span> weiterlesen<\/a><\/p>\n","protected":false},"author":1,"featured_media":0,"parent":0,"menu_order":0,"comment_status":"closed","ping_status":"closed","template":"","meta":[],"_links":{"self":[{"href":"https:\/\/baeaereglopfa.info\/index.php?rest_route=\/wp\/v2\/pages\/10"}],"collection":[{"href":"https:\/\/baeaereglopfa.info\/index.php?rest_route=\/wp\/v2\/pages"}],"about":[{"href":"https:\/\/baeaereglopfa.info\/index.php?rest_route=\/wp\/v2\/types\/page"}],"author":[{"embeddable":true,"href":"https:\/\/baeaereglopfa.info\/index.php?rest_route=\/wp\/v2\/users\/1"}],"replies":[{"embeddable":true,"href":"https:\/\/baeaereglopfa.info\/index.php?rest_route=%2Fwp%2Fv2%2Fcomments&post=10"}],"version-history":[{"count":5,"href":"https:\/\/baeaereglopfa.info\/index.php?rest_route=\/wp\/v2\/pages\/10\/revisions"}],"predecessor-version":[{"id":252,"href":"https:\/\/baeaereglopfa.info\/index.php?rest_route=\/wp\/v2\/pages\/10\/revisions\/252"}],"wp:attachment":[{"href":"https:\/\/baeaereglopfa.info\/index.php?rest_route=%2Fwp%2Fv2%2Fmedia&parent=10"}],"curies":[{"name":"wp","href":"https:\/\/api.w.org\/{rel}","templated":true}]}}