{"id":9,"date":"2018-07-06T12:36:01","date_gmt":"2018-07-06T12:36:01","guid":{"rendered":"http:\/\/baeaereglopfa.info\/?page_id=9"},"modified":"2026-04-17T14:02:18","modified_gmt":"2026-04-17T14:02:18","slug":"wir-ueber-uns","status":"publish","type":"page","link":"https:\/\/baeaereglopfa.info\/","title":{"rendered":"Wir \u00fcber uns"},"content":{"rendered":"<p>Wir sind ein ganz lustiger Haufen mit \u00fcber 80 Mitgliedern. Die j\u00fcngsten kommen mit dem Bobbycar, die \u00e4ltesten mit dem Rollator, aber Hauptsache, die Chemie stimmt.<\/p>\n<p>Wir proben immer mittwochs von <span style=\"color: #023be6;\"><strong>19:30 Uhr bis 21:15 Uhr<\/strong><\/span>\u00a0im<span style=\"color: #023be6;\"><b> Rathaus in Dietenhausen <\/b><\/span>und\u00a0freuen uns \u00fcber jeden, der bei uns mitspielen will.<\/p>\n<p>Unter dem Jahr haben wir durchschnittlich einen Auftritt im Monat. Von Mitte Januar bis Aschermittwoch sieht und h\u00f6rt man uns allerdings wesentlich \u00f6fter, denn in der Faschingszeit gibt es viel zu tun.<\/p>\n<p>Im November 2009 wurde unser 1. Gl\u00fchweinfest ins Leben gerufen.<br \/>\nDamit wollten wir uns urspr\u00fcnglich als neuer Ortsverein den Kelterner B\u00fcrgern vorstellen.<br \/>\nDas Fest ist allerdings so gut angekommen, dass dieses Event nun jedes Jahr im November stattfindet.\u00a0In der Alten Kelter in Dietenhausen herrscht genau die richtige Atmosph\u00e4re daf\u00fcr.<\/p>\n<p>Falls euch die Wartezeit bis zum allj\u00e4hrlichen Gl\u00fchweinfest allerdings zu lange ist, freuen wir uns auch euren Besuch mittwochs w\u00e4hrend der Probezeit.<\/p>\n","protected":false},"excerpt":{"rendered":"<p>Wir sind ein ganz lustiger Haufen mit \u00fcber 80 Mitgliedern. Die j\u00fcngsten kommen mit dem Bobbycar, die \u00e4ltesten mit dem Rollator, aber Hauptsache, die Chemie stimmt. Wir proben immer mittwochs von 19:30 Uhr bis 21:15 Uhr\u00a0im Rathaus in Dietenhausen und\u00a0freuen uns \u00fcber jeden, der bei uns mitspielen will. Unter dem Jahr haben wir durchschnittlich einen &hellip; <\/p>\n<p class=\"link-more\"><a href=\"https:\/\/baeaereglopfa.info\/\" class=\"more-link\"><span class=\"screen-reader-text\">\u201eWir \u00fcber uns\u201c<\/span> weiterlesen<\/a><\/p>\n","protected":false},"author":1,"featured_media":0,"parent":0,"menu_order":0,"comment_status":"closed","ping_status":"closed","template":"","meta":[],"_links":{"self":[{"href":"https:\/\/baeaereglopfa.info\/index.php?rest_route=\/wp\/v2\/pages\/9"}],"collection":[{"href":"https:\/\/baeaereglopfa.info\/index.php?rest_route=\/wp\/v2\/pages"}],"about":[{"href":"https:\/\/baeaereglopfa.info\/index.php?rest_route=\/wp\/v2\/types\/page"}],"author":[{"embeddable":true,"href":"https:\/\/baeaereglopfa.info\/index.php?rest_route=\/wp\/v2\/users\/1"}],"replies":[{"embeddable":true,"href":"https:\/\/baeaereglopfa.info\/index.php?rest_route=%2Fwp%2Fv2%2Fcomments&post=9"}],"version-history":[{"count":13,"href":"https:\/\/baeaereglopfa.info\/index.php?rest_route=\/wp\/v2\/pages\/9\/revisions"}],"predecessor-version":[{"id":811,"href":"https:\/\/baeaereglopfa.info\/index.php?rest_route=\/wp\/v2\/pages\/9\/revisions\/811"}],"wp:attachment":[{"href":"https:\/\/baeaereglopfa.info\/index.php?rest_route=%2Fwp%2Fv2%2Fmedia&parent=9"}],"curies":[{"name":"wp","href":"https:\/\/api.w.org\/{rel}","templated":true}]}}